{"id":92,"date":"2016-03-13T14:14:13","date_gmt":"2016-03-13T14:14:13","guid":{"rendered":"https:\/\/www.petrisangare.se\/?page_id=92"},"modified":"2025-03-17T19:58:19","modified_gmt":"2025-03-17T18:58:19","slug":"dirigenten","status":"publish","type":"page","link":"https:\/\/www.petrisangare.se\/?page_id=92","title":{"rendered":"Dirigenten"},"content":{"rendered":"<p><span class=\"im\">Karin Oldgren \u00e4r utbildad kyrkomusiker, k\u00f6r- och orkesterdirigent p\u00e5 Kungliga Musikh\u00f6gskolan i Stockholm. Karin har haft l\u00e5ngvariga engagemang som kyrkomusiker i olika f\u00f6rsamlingar i Stockholm, senast i Engelbrekts f\u00f6rsamling d\u00e4r hon 2016 grundade Hjorthagens kammark\u00f6r och Hjorthagens vokalensemble som under kort tid n\u00e5dde stora framg\u00e5ngar s\u00e5v\u00e4l p\u00e5 hemmaplan som internationellt. Vid sidan av sitt v\u00e4rv som kyrkomusiker har Karin ocks\u00e5 lett mansk\u00f6ren Stockholms students\u00e5ngare under tio \u00e5r, varit lektor i k\u00f6rs\u00e5ng och k\u00f6rdirigering vid Musikh\u00f6gskolan i \u00d6rebro under ett decennium, arbetat p\u00e5 musikf\u00f6rlag samt frilansat som pedagog och dirigent, bland annat med \u00e5terkommande uppdrag f\u00f6r Radiok\u00f6ren.<\/span><\/p>\n<p><span class=\"im\"><br \/><\/span>Karin Oldgren tilldelades 2016 Stockholms Stifts utm\u00e4rkelse Ceciliapriset och blev 2019 utsedd till \u00c5rets k\u00f6rledare av F\u00f6reningen Sveriges k\u00f6rledare och Rosenborgstiftelsen.\u00a0<span class=\"im\"><br \/>Med en stabil fo\u0308rankring i den va\u0308sterla\u0308ndska konstmusiken parad med en stark drivkraft att aktivt utveckla sa\u030ava\u0308l musik som uttryck i samklang med tiden \u00e4r hennes m\u00e5l att r\u00f6ra och ber\u00f6ra genom sitt musicerande.\u00a0\u00a0<\/span><\/p>\n<p>\u00a0<\/p>\n\n\n<figure class=\"wp-block-image size-large\"><img loading=\"lazy\" decoding=\"async\" width=\"1024\" height=\"682\" src=\"https:\/\/www.petrisangare.se\/wp-content\/uploads\/2025\/03\/Petrisangare0454-Large-1024x682.jpeg\" alt=\"\" class=\"wp-image-1304\" srcset=\"https:\/\/www.petrisangare.se\/wp-content\/uploads\/2025\/03\/Petrisangare0454-Large-1024x682.jpeg 1024w, https:\/\/www.petrisangare.se\/wp-content\/uploads\/2025\/03\/Petrisangare0454-Large-300x200.jpeg 300w, https:\/\/www.petrisangare.se\/wp-content\/uploads\/2025\/03\/Petrisangare0454-Large-768x512.jpeg 768w, https:\/\/www.petrisangare.se\/wp-content\/uploads\/2025\/03\/Petrisangare0454-Large-570x380.jpeg 570w, https:\/\/www.petrisangare.se\/wp-content\/uploads\/2025\/03\/Petrisangare0454-Large.jpeg 1280w\" sizes=\"auto, (max-width: 1024px) 100vw, 1024px\" \/><\/figure>\n\n\n<p>[ps-singers]<\/p>\n\n\n\n<p><\/p>\n","protected":false},"excerpt":{"rendered":"<p>Karin Oldgren \u00e4r utbildad kyrkomusiker, k\u00f6r- och orkesterdirigent p\u00e5 Kungliga Musikh\u00f6gskolan i Stockholm. Karin har haft l\u00e5ngvariga engagemang som kyrkomusiker i olika f\u00f6rsamlingar i Stockholm, senast i Engelbrekts f\u00f6rsamling d\u00e4r hon 2016 grundade Hjorthagens kammark\u00f6r och Hjorthagens vokalensemble som under kort tid n\u00e5dde stora framg\u00e5ngar s\u00e5v\u00e4l p\u00e5 hemmaplan som internationellt. Vid sidan av sitt v\u00e4rv &hellip; <a href=\"https:\/\/www.petrisangare.se\/?page_id=92\" class=\"more-link\">Forts\u00e4tt l\u00e4sa <span class=\"screen-reader-text\">Dirigenten<\/span><\/a><\/p>\n","protected":false},"author":3,"featured_media":0,"parent":0,"menu_order":0,"comment_status":"closed","ping_status":"closed","template":"page-templates\/full-width-page.php","meta":{"footnotes":""},"class_list":["post-92","page","type-page","status-publish","hentry","without-featured-image"],"_links":{"self":[{"href":"https:\/\/www.petrisangare.se\/index.php?rest_route=\/wp\/v2\/pages\/92","targetHints":{"allow":["GET"]}}],"collection":[{"href":"https:\/\/www.petrisangare.se\/index.php?rest_route=\/wp\/v2\/pages"}],"about":[{"href":"https:\/\/www.petrisangare.se\/index.php?rest_route=\/wp\/v2\/types\/page"}],"author":[{"embeddable":true,"href":"https:\/\/www.petrisangare.se\/index.php?rest_route=\/wp\/v2\/users\/3"}],"replies":[{"embeddable":true,"href":"https:\/\/www.petrisangare.se\/index.php?rest_route=%2Fwp%2Fv2%2Fcomments&post=92"}],"version-history":[{"count":24,"href":"https:\/\/www.petrisangare.se\/index.php?rest_route=\/wp\/v2\/pages\/92\/revisions"}],"predecessor-version":[{"id":1312,"href":"https:\/\/www.petrisangare.se\/index.php?rest_route=\/wp\/v2\/pages\/92\/revisions\/1312"}],"wp:attachment":[{"href":"https:\/\/www.petrisangare.se\/index.php?rest_route=%2Fwp%2Fv2%2Fmedia&parent=92"}],"curies":[{"name":"wp","href":"https:\/\/api.w.org\/{rel}","templated":true}]}}