{"id":716,"date":"2018-10-28T16:06:04","date_gmt":"2018-10-28T15:06:04","guid":{"rendered":"https:\/\/www.petrisangare.se\/?page_id=716"},"modified":"2021-06-02T22:33:53","modified_gmt":"2021-06-02T20:33:53","slug":"the-choir","status":"publish","type":"page","link":"https:\/\/www.petrisangare.se\/?page_id=716","title":{"rendered":"The choir"},"content":{"rendered":"<p>Petri S\u00e5ngare is a chamber choir from St. Petri Church in Malm\u00f6, Sweden. The ensemble boasts a wide-ranging repertoire with a focus on contemporary Western classical music. Petri S\u00e5ngare\u2019s primary genre is a capella music, but the choir regularly teams up with leading musicians of the Malm\u00f6 region to perform 18th and 19th century standard works.<\/p>\n<p>Ever since its founding in 2010, Petri S\u00e5ngare has upheld a high standard and ambition level, performing around 25 concerts per season. This requires major commitment from the choir members who are for the most part amateurs. Both rehearsals and concerts are characterised by great attention to diction, musicality, and musical teamwork between choir and director. Petri S\u00e5ngare has enjoyed a great deal of success in its short lifetime, winning first prize at the Cracovia Cantans International Choir Festival in Krakow (2014) and second prize at the Choir Grand Prix in Tours (2015). Petri S\u00e5ngare was the only Swedish choir to take part in the World Choir Games in South Africa (2018), and was awarded gold medals in the categories Musica Sacra a cappella and Musica Contemporanea.<\/p>\n<p>Petri S\u00e5ngare has also attracted the attention of national media, and has performed several times on the primary Swedish television networks SVT and TV4. These merits include the opening ceremony of the Eurovision Song Contest in 2013. Petri S\u00e5ngare has also performed live on several occasions on both Swedish and Danish radio. (Translation by Johan Rosquist)<\/p>\n","protected":false},"excerpt":{"rendered":"<p>Petri S\u00e5ngare is a chamber choir from St. Petri Church in Malm\u00f6, Sweden. The ensemble boasts a wide-ranging repertoire with a focus on contemporary Western classical music. Petri S\u00e5ngare\u2019s primary genre is a capella music, but the choir regularly teams up with leading musicians of the Malm\u00f6 region to perform 18th and 19th century standard &hellip; <a href=\"https:\/\/www.petrisangare.se\/?page_id=716\" class=\"more-link\">Forts\u00e4tt l\u00e4sa <span class=\"screen-reader-text\">The choir<\/span><\/a><\/p>\n","protected":false},"author":3,"featured_media":0,"parent":0,"menu_order":0,"comment_status":"closed","ping_status":"closed","template":"page-templates\/full-width-page.php","meta":{"footnotes":""},"class_list":["post-716","page","type-page","status-publish","hentry","without-featured-image"],"_links":{"self":[{"href":"https:\/\/www.petrisangare.se\/index.php?rest_route=\/wp\/v2\/pages\/716","targetHints":{"allow":["GET"]}}],"collection":[{"href":"https:\/\/www.petrisangare.se\/index.php?rest_route=\/wp\/v2\/pages"}],"about":[{"href":"https:\/\/www.petrisangare.se\/index.php?rest_route=\/wp\/v2\/types\/page"}],"author":[{"embeddable":true,"href":"https:\/\/www.petrisangare.se\/index.php?rest_route=\/wp\/v2\/users\/3"}],"replies":[{"embeddable":true,"href":"https:\/\/www.petrisangare.se\/index.php?rest_route=%2Fwp%2Fv2%2Fcomments&post=716"}],"version-history":[{"count":6,"href":"https:\/\/www.petrisangare.se\/index.php?rest_route=\/wp\/v2\/pages\/716\/revisions"}],"predecessor-version":[{"id":983,"href":"https:\/\/www.petrisangare.se\/index.php?rest_route=\/wp\/v2\/pages\/716\/revisions\/983"}],"wp:attachment":[{"href":"https:\/\/www.petrisangare.se\/index.php?rest_route=%2Fwp%2Fv2%2Fmedia&parent=716"}],"curies":[{"name":"wp","href":"https:\/\/api.w.org\/{rel}","templated":true}]}}