{"id":365,"date":"2016-08-17T09:51:09","date_gmt":"2016-08-17T07:51:09","guid":{"rendered":"https:\/\/www.petrisangare.se\/?page_id=365"},"modified":"2016-08-28T13:56:22","modified_gmt":"2016-08-28T11:56:22","slug":"arkiv","status":"publish","type":"page","link":"https:\/\/www.petrisangare.se\/?page_id=365","title":{"rendered":"Recensioner"},"content":{"rendered":"<p>H\u00e4r hittar ni till v\u00e5ra Tidigare konserter och v\u00e5ra recensioner<\/p>\n<blockquote class=\"wp-embedded-content\" data-secret=\"teC38hSRmk\"><p><a href=\"https:\/\/www.petrisangare.se\/?page_id=268\">Tidigare konserter<\/a><\/p><\/blockquote>\n<p><iframe loading=\"lazy\" class=\"wp-embedded-content\" sandbox=\"allow-scripts\" security=\"restricted\" style=\"position: absolute; visibility: hidden;\" title=\"\u201dTidigare konserter\u201d &ndash; \" src=\"https:\/\/www.petrisangare.se\/?page_id=268&#038;embed=true#?secret=dM6WpcSEdF#?secret=teC38hSRmk\" data-secret=\"teC38hSRmk\" width=\"600\" height=\"338\" frameborder=\"0\" marginwidth=\"0\" marginheight=\"0\" scrolling=\"no\"><\/iframe><\/p>\n<blockquote class=\"wp-embedded-content\" data-secret=\"w0DI7ibPR8\"><p><a href=\"https:\/\/www.petrisangare.se\/?page_id=242\">Recensioner<\/a><\/p><\/blockquote>\n<p><iframe loading=\"lazy\" class=\"wp-embedded-content\" sandbox=\"allow-scripts\" security=\"restricted\" style=\"position: absolute; visibility: hidden;\" title=\"\u201dRecensioner\u201d &ndash; \" src=\"https:\/\/www.petrisangare.se\/?page_id=242&#038;embed=true#?secret=kxHxMe1i1h#?secret=w0DI7ibPR8\" data-secret=\"w0DI7ibPR8\" width=\"600\" height=\"338\" frameborder=\"0\" marginwidth=\"0\" marginheight=\"0\" scrolling=\"no\"><\/iframe><\/p>\n","protected":false},"excerpt":{"rendered":"<p>H\u00e4r hittar ni till v\u00e5ra Tidigare konserter och v\u00e5ra recensioner Tidigare konserter Recensioner<\/p>\n","protected":false},"author":3,"featured_media":0,"parent":0,"menu_order":0,"comment_status":"closed","ping_status":"closed","template":"","meta":{"footnotes":""},"class_list":["post-365","page","type-page","status-publish","hentry","without-featured-image"],"_links":{"self":[{"href":"https:\/\/www.petrisangare.se\/index.php?rest_route=\/wp\/v2\/pages\/365","targetHints":{"allow":["GET"]}}],"collection":[{"href":"https:\/\/www.petrisangare.se\/index.php?rest_route=\/wp\/v2\/pages"}],"about":[{"href":"https:\/\/www.petrisangare.se\/index.php?rest_route=\/wp\/v2\/types\/page"}],"author":[{"embeddable":true,"href":"https:\/\/www.petrisangare.se\/index.php?rest_route=\/wp\/v2\/users\/3"}],"replies":[{"embeddable":true,"href":"https:\/\/www.petrisangare.se\/index.php?rest_route=%2Fwp%2Fv2%2Fcomments&post=365"}],"version-history":[{"count":4,"href":"https:\/\/www.petrisangare.se\/index.php?rest_route=\/wp\/v2\/pages\/365\/revisions"}],"predecessor-version":[{"id":375,"href":"https:\/\/www.petrisangare.se\/index.php?rest_route=\/wp\/v2\/pages\/365\/revisions\/375"}],"wp:attachment":[{"href":"https:\/\/www.petrisangare.se\/index.php?rest_route=%2Fwp%2Fv2%2Fmedia&parent=365"}],"curies":[{"name":"wp","href":"https:\/\/api.w.org\/{rel}","templated":true}]}}