{"id":268,"date":"2016-07-18T14:04:01","date_gmt":"2016-07-18T12:04:01","guid":{"rendered":"https:\/\/www.petrisangare.se\/?page_id=268"},"modified":"2019-02-14T20:55:26","modified_gmt":"2019-02-14T19:55:26","slug":"tidigare-konserter","status":"publish","type":"page","link":"https:\/\/www.petrisangare.se\/?page_id=268","title":{"rendered":"Tidigare konserter"},"content":{"rendered":"<p>190210 I denna midvinter, St Petri kyrka, Malm\u00f6<br \/>\n190106 O makal\u00f6sa Mysterium, St Petri kyrka, Malm\u00f6<br \/>\n181231 Ny\u00e5rsgala med MSO, Malm\u00f6 Live, Malm\u00f6<br \/>\n181220 Bachs juloratorium del 1-3, St Petri kyrka, Malm\u00f6<br \/>\n181202 H\u00f6gm\u00e4ssa och Jul p\u00e5 slottet, Malm\u00f6<br \/>\n181118 Ein deutsches Requiem, Brahms, St Johannes kyrka, Malm\u00f6<br \/>\n181102 Verdis Requiem med MSO, Malm\u00f6 Live, Malm\u00f6<br \/>\n181101 Verdis Requiem med MSO, Malm\u00f6 Live, Malm\u00f6<br \/>\n181020 Bukett av naket regn, Trefaldighetskyrkan, Kristianstad<br \/>\n181019 Bukett av naket regn, Lunds k\u00f6rfestival, Allhelgonakyrkan, Lund<br \/>\n180815 The American Songbook, Palladium, Malm\u00f6<br \/>\n180708-180715 World Choir Games, Tschwane, Sydafrika<br \/>\n180619 Med sikte p\u00e5 Sydafrika, Sn\u00f6storps kyrka, Halmstad<br \/>\n180617 Med sikte p\u00e5 Sydafrika, Allhelgonakyrkan, Lund<br \/>\n180609 Med sikte p\u00e5 Sydafrika, \u00c4lmhults kyrka, \u00c4lmhult<br \/>\n180526 Med sikte p\u00e5 Sydafrika, Sofia Albertina kyrka, Landskrona<br \/>\n180526 Med sikte p\u00e5 Sydafrika, Lunds domkyrka, Lund<br \/>\n180506 Candide av Leonard Bernstein, Palladium, Malm\u00f6<br \/>\n180426 F\u00f6rkl\u00e4dd Gud, Esl\u00f6vs kyrka, Malm\u00f6<br \/>\n180414 Joystick 10.0 med MSO, Malm\u00f6 Live, Malm\u00f6<br \/>\n180311 Golgotha av Frank Martin, St Petri kyrka, Malm\u00f6<br \/>\n180303 Med sikte p\u00e5 Sydafrika, \u00c4ngelholms kyrka, \u00c4ngelholm<br \/>\n180106 Trettondagskonsert, St Petri kyrka, Malm\u00f6<br \/>\n171221 Julmusik tillsammans med Gunhild Carling, Malm\u00f6 Centralstation, Malm\u00f6<br \/>\n171126 H\u00e4ndels Alexander&#8217;s feast, St Petri kyrka, Malm\u00f6<br \/>\n171102 och 171104 Brahms Ein Deutsches Requiem tillsammans med MSO, Malm\u00f6 Live, Malm\u00f6<br \/>\n171001 Konsert Sandstr\u00f6m\/Bach, St Petri kyrka, Malm\u00f6<br \/>\n170908 Minneskonsert till Jaques Werup, Esl\u00f6v kyrka, Esl\u00f6v<br \/>\n170817 F\u00f6rkl\u00e4dd gud, Malm\u00f6festivalen, St Petri Kyrka, Malm\u00f6<br \/>\n170106 Trettondagskonsert, St Petri Kyrka, Malm\u00f6<br \/>\n161220 Delar ur Bachs juloratorium, del 1-3, Malm\u00f6 Centralstation<br \/>\n161217 Bachs juloratorium, del 1-3, Malm\u00f6 Centralstation<br \/>\n161127 H\u00f6gm\u00e4ssa F\u00f6rsta advent, St Petri Kyrka, Malm\u00f6<br \/>\n161120 The dove descending, uruppf\u00f6rande Skall inte finnas mer av Jacob M\u00fchlrad, St Petri Kyrka, Malm\u00f6<br \/>\n161031 Ekumeniskt evenemang p\u00e5 Malm\u00f6 Arena med anledning av P\u00e5vens bes\u00f6k i Malm\u00f6<br \/>\n161017 Lunchkonsert Lunds k\u00f6rfestival, Frid, n\u00e4r ska du n\u00e5gonsin sluta dina vingar omkring mig?, Domkyrkan i Lund<br \/>\n161009 Petri S\u00e5ngare sjunger Poulenc och Reger, St Petri Kyrka Malm\u00f6<br \/>\n160925 A capella-konsert, Frid, n\u00e4r ska du n\u00e5gonsin sluta dina vingar omkring mig?, Esl\u00f6vs kyrka. Kilstofte, Emanuelsson, Poulenc, Rautavaara, Heap\/Yngwe, Talbot<br \/>\n160917 Carmina Burana med MSO, Malm\u00f6<br \/>\n160916 Carmina Burana med MSO, Malm\u00f6<br \/>\n160818 F\u00f6rkl\u00e4dd Gud, Malm\u00f6festivalen, St\u00a0Petri kyrka<br \/>\n160701 A cappella-konsert, Avslutningskonsert Stenbrohults kyrka<br \/>\n160612 &#8221;A cappella-konsert &#8221;&#8221;Varje plockad str\u00e4ng ljuder ditt namn&#8221;&#8221; , Petri kyrka. Kilstofte,\u00a0Reger, Rautavaara, Normann, N\u00f6rg\u00e5rd, Talbot&#8221;<br \/>\n160513 Operagalakonsert med f\u00f6rsamlingens k\u00f6rer till f\u00f6rm\u00e5n f\u00f6r orgelprojektet<br \/>\n160508 H\u00f6gm\u00e4ssa (Johanneskyrkan, Helsingfors)<br \/>\n160507 A cappella-konsert &#8221;Jordens oro viker&#8221; (Tempelplatsens kyrka, Helsingfors)<br \/>\n160506 A cappella-konsert &#8221;Jordens oro viker&#8221; (Esbo domkyrka)<br \/>\n160506 Lunchkonsert &#8221;Jordens oro viker&#8221; (Gamla kyrkan, Helsingfors)<br \/>\n160427 Avslutningsgudstj\u00e4nst i Samh\u00e4lle &amp; Existens<br \/>\n160424 A cappella-konsert &#8221;Jordens oro viker&#8221; (Allhelgonakyrkan, Lund)<br \/>\n160423 A cappella-konsert &#8221;Jordens uro viger&#8221; (Holmens kirke, K\u00f6penhamn)<br \/>\n160327 P\u00e5skdagsh\u00f6gm\u00e4ssa<br \/>\n160323 Passionskonsert: Dvo\u0159\u00e1k &#8211; Stabat Mater<br \/>\n160320 H\u00f6gm\u00e4ssa (Stora Upp\u00e5kra)<br \/>\n160306 Konsert &#8221;En afton med Poulenc&#8221;<br \/>\n160130 Nationalss\u00e5ngss\u00e5ng (Hylliebadet)<br \/>\n160106 Trettondagskonsert<br \/>\n151206 Konsert Britten &#8221;Saint Nicolas&#8221; &amp; &#8221;Christ&#8217;s Nativity&#8221;<br \/>\n151129 Adventsh\u00f6gm\u00e4ssa<br \/>\n151115 Konsert Petri S\u00e5ngare 5 \u00e5r Bach, Heap\/Yngwe, Copland<br \/>\n151011 Konsert Brahms &#8221;Altrapsodi&#8221; &amp; Mozart &#8221;Grosse Messe&#8221;<br \/>\n151002 A cappella-konsert \u201dPath of Miracles\u201d \u2013 midnattskonsert i Nordisk k\u00f6rledarkonferens 2015<br \/>\n150921 St\u00f6dkonsert! Hj\u00e4lpinsamling till flyktingkatastrofen<br \/>\n150830 A cappella-konsert \u201dMusic for a While\u201d (Hedvig Eleonora kyrka, Stockholm)<br \/>\n150830 H\u00f6gm\u00e4ssa (Adolf Fredriks kyrka, Stockholm)<br \/>\n150829 A cappella-konsert \u201dMusic for a While\u201d (Uppenbarelsekyrkan, H\u00e4gersten)<br \/>\n150820 Konsert I Malm\u00f6festivalen, Larsson &#8221;F\u00f6rkl\u00e4dd gud&#8221; med Thomas Bolme<br \/>\n150808 A cappella-konsert \u201dMusic for a While\u201d (S:t Laurentii kyrka, Falkenberg)<br \/>\n150808 H\u00f6gm\u00e4ssa (Sofia Albertina kyrka, Landskrona)<br \/>\n150531 Open Air Concert i Floril\u00e8ge Vocal tillsammans med \u00f6vriga k\u00f6rer (Place de la R\u00e9sistance, Tours)<br \/>\n150531 T\u00e4vlingsmoment Grand Prix de la ville de Tours i Floril\u00e8ge Vocal (Grand Th\u00e9\u00e2tre, Tours)<br \/>\n150530 T\u00e4vlingsmoment Free Program i Floril\u00e8ge Vocal (Grand Th\u00e9\u00e2tre, Tours)<br \/>\n150529 T\u00e4vlingsmoment Compulsory Program i Floril\u00e8ge Vocal (Grand Th\u00e9\u00e2tre, Tours)<br \/>\n150524 A cappella-konsert \u201dMusic for a While\u201d, inspelning f\u00f6r Sveriges Radio P2 Live<br \/>\n150521 Informell a cappella-konsert inf\u00f6r k\u00f6rt\u00e4vlingen i Tours (S:t Petri f\u00f6rsamlingshem)<br \/>\n150508 Operagalakonsert med S:t Petri kyrkok\u00f6r<br \/>\n150419 A cappella-konsert \u201dMusic for a While\u201d (H\u00e4ssleholms kyrka)<br \/>\n150419 H\u00f6gm\u00e4ssa i Esl\u00f6vs kyrka<br \/>\n150418 A cappella-konsert \u201dMusic for a While\u201d (Heliga Trefaldighet, Kristianstad)<br \/>\n150405 P\u00e5skdagsh\u00f6gm\u00e4ssa<br \/>\n150329 Konsert MacMillan &#8221;Seven Last Words from the Cross&#8221;<br \/>\n150314 Konsert i l\u00f6rdagsmusiken (Lunds domkyrka)<br \/>\n150301 Potentath\u00f6gm\u00e4ssa med nye biskopen i Lunds stift Johan Tyrberg<br \/>\n150228 Choir Aid (Lunds domkyrka)<br \/>\n150208 Konsert \u201dVinterhymner\u201d<br \/>\n150106 Konsert Bach &#8221;Juloratoriet&#8221; del 4-6<br \/>\n141130 Adventsh\u00f6gm\u00e4ssa<br \/>\n141123 Konsert \u201dTriumf att finnas till! S\u00e5nger f\u00f6r dem vi f\u00f6rlorat\u201d med Jacques Werup och MSO<br \/>\n141102 Konsert Reger &#8221;O Tod&#8221; &amp; Faur\u00e9 &#8221;Requiem&#8221;, g\u00e4stdirigent Dan-Olof Stenlund<br \/>\n141011 Konsert 2 Stravinskij &#8221;Psalmsymfonin&#8221; (DR Koncerthuset, K\u00f6penhamn)<br \/>\n141009 Konsert 1 Stravinskij &#8221;Psalmsymfonin&#8221; (Malm\u00f6 konserthus)<br \/>\n140921 Konsert H\u00e4ndel &#8221;Utrecht Te Deum&#8221; &amp; C P E Bach &#8221;Magnificat&#8221;<br \/>\n140821 Konsert i Malm\u00f6festivalen, Larsson &#8221;F\u00f6rkl\u00e4dd gud&#8221; med Pernilla August<br \/>\n140708 Konsert under Ystad kulturdagar (Mariakyrkan, Ystad)<br \/>\n140614 A cappella-konsert (S:t Peter och Paulus kyrka, Krak\u00f3w)<br \/>\n140614 T\u00e4vlingsmoment \u201dMixed Choir\u201d i Cracovia Cantans (M.Karlowicz musikskola, Krak\u00f3w)<br \/>\n140613 A cappella-konsert (S:ta Maria kyrka, Krak\u00f3w)<br \/>\n140613 T\u00e4vlingsmomnet \u201dSacred Music\u201d i Cracovia Cantans (S:t Peter och Paulus kyrka, Krak\u00f3w)<br \/>\n140612 A cappella-konsert (S:ta Katarina kyrka, Krak\u00f3w)<br \/>\n140601 Oratoriekonsert Boulanger &#8221;Psaume CXXX&#8221; &amp; Kilstofte &#8221;Of Rivers Within&#8221; med Lunds Vokalensemble (Malm\u00f6 konserthus)<br \/>\n140525 A cappella-konsert (Kalmar domkyrka)<br \/>\n140525 H\u00f6gm\u00e4ssa i S:ta Birgitta kyrka, Kalmar<br \/>\n140524 A cappella-konsert (Nybro kyrka)<br \/>\n140509 Galakonsert 2 med Malena Ernman<br \/>\n140509 Galakonsert 1 med Malena Ernman<br \/>\n140507 S\u00e5ng vid \u00f6ppningsceremoni f\u00f6r Svenska Hj\u00e4rtf\u00f6rbundets XVI:e Kardiovaskul\u00e4ra V\u00e5rm\u00f6te (Malm\u00f6m\u00e4ssan)<br \/>\n140420 P\u00e5skdagsh\u00f6gm\u00e4ssa<br \/>\n140413 Konsert MacMillan &#8221;Seven Last Words from the Cross&#8221;<br \/>\n140330 Konsert Bach &#8221;Johannespassionen&#8221;<br \/>\n140329 A cappella-konsert (\u00c4ngelholms kyrka)<br \/>\n140223 A cappella-konsert<br \/>\n140119 Mottagningsgudstj\u00e4nst f\u00f6r nye kyrkoherden i Malm\u00f6 pastorat Anders Ekhem<br \/>\n140112 Avtackningsh\u00f6gm\u00e4ssa f\u00f6r kyrkoherde G\u00f6ran Callmer<br \/>\n140106 \u201dO stora mysterium\u201d \u2013 trettondagskonsert<br \/>\n131220 Jul-sing-along-konsert 2 med MSO (Malm\u00f6 konserthus)<br \/>\n131219 Jul-sing-along-konsert 1 med MSO (Malm\u00f6 konserthus)<br \/>\n131208 Konsert 3 Bach &#8221;Juloratoriet&#8221; del 1-3 med MSO<br \/>\n131207 Konsert 2 Bach &#8221;Juloratoriet&#8221; del 1-3 med MSO<br \/>\n131206 Konsert 1 Bach &#8221;Juloratoriet&#8221; del 1-3 med MSO<br \/>\n131201 Adventsh\u00f6gm\u00e4ssa<br \/>\n131103 Konsert Brahms &#8221;Ein deutsches Requiem&#8221;<br \/>\n131102 Konsert Brahms &#8221;Ein deutsches Requiem&#8221; (Holmens kirke, K\u00f6penhamn)<br \/>\n130922 Konsert Viva Verdi! &#8221;Quattro Pezzi Sacri&#8221;<br \/>\n130831 Framtr\u00e4dande tillsammans med Per Andersson i Late Night under Lunds Humorfestival<br \/>\n130822 Konsert i Malm\u00f6festivalen \u201cFrid \u2013 n\u00e4r vill du n\u00e5gonsin sluta dina vingar omkring oss?\u201d<br \/>\n130811 Levande ljus-konsert \u201cFrid \u2013 n\u00e4r vill du n\u00e5gonsin sluta dina vingar omkring oss?\u201d (S:t Laurentii kyrka, Falkenberg)<br \/>\n130811 H\u00f6gm\u00e4ssa (S:t Nicolai kyrka, Halmstad)<br \/>\n130810 Lunchkonsert \u201cFrid \u2013 n\u00e4r vill du n\u00e5gonsin sluta dina vingar omkring oss?\u201d (G\u00f6teborgs domkyrka)<br \/>\n130531 \u00d6ppningskonsert i k\u00f6r- och orgelfestival (Nosaby kyrka)<br \/>\n130518 ESC Genrep TV-uts\u00e4ndning med V\u00e4rldens k\u00f6r (Malm\u00f6 Arena)<br \/>\n130518 ESC Genrep 3 med V\u00e4rldens k\u00f6r (Malm\u00f6 Arena)<br \/>\n130517 ESC Genrep 2 med V\u00e4rldens k\u00f6r (Malm\u00f6 Arena)<br \/>\n130517 ESC Genrep 1 med V\u00e4rldens k\u00f6r (Malm\u00f6 Arena)<br \/>\n130428 Konsert H\u00e4ndel \u201dIsrael in Egypt\u201d<br \/>\n130331 P\u00e5skdagsh\u00f6gm\u00e4ssa<br \/>\n130329 L\u00e5ngfredagsgudstj\u00e4nst med gregoriansk Johannespassion<br \/>\n130324 Konsert Britten &#8221;Cantata Misericordium&#8221; &amp; Szymanowski &#8221;Stabat Mater&#8221;<br \/>\n130208 Konsert \u201dMatins in Spring\u201d i S:t Petri k\u00f6rdagar<br \/>\n130106 Trettondagskonsert \u201dO stora mysterium!\u201d<br \/>\n121220 Julkonsert<br \/>\n121213 Luciat\u00e5g f\u00f6r Drivkraft Malm\u00f6 (Hyllie)<br \/>\n121211 Musikhj\u00e4lpen-konsert<br \/>\n121202 Adventsh\u00f6gm\u00e4ssa<br \/>\n121125 Konsert 2 Mozart &#8221;Requiem&#8221;<br \/>\n121125 Konsert 1 Mozart &#8221;Requiem&#8221;<br \/>\n121104 Konsert \u201cFrid \u2013 n\u00e4r vill du n\u00e5gonsin sluta dina vingar omkring mig?\u201d<br \/>\n121019 After Work-konsert i Lund International Choral Festival (Magle konserthus)<br \/>\n121014 Konsert Poulenc &#8221;Gloria&#8221; &amp; Bernstein &#8221;Chichester Psalms&#8221;<br \/>\n120921 Konsert med S:t Nicholai Bachchor Stralsund<br \/>\n120823 Konsert i Malm\u00f6festivalen: \u201dDen vokala Transtr\u00f6mer\u201d med Katarina Lundgren-Hugg<br \/>\n120628 A cappella-konsert \u201dSommardofter\u201d (S:a Gertruds kyrka, V\u00e4stervik)<br \/>\n120627 A cappella-konsert \u201dSommardofter\u201d (S:a Maria kyrka, Visby)<br \/>\n120626 A cappella-konsert \u201dSommardofter\u201d (Gr\u00f6tlingbo kyrka, Gotland)<br \/>\n120625 A cappella-konsert \u201dSommardofter\u201d (Lau kyrka, Gotland)<br \/>\n120624 A cappella-konsert \u201dSommardofter\u201d (Madesj\u00f6 kyrka)<br \/>\n120624 A cappella-konsert \u201dSommardofter\u201d (Sofia Albertina kyrka, Landskrona)<br \/>\n120620 A cappella-konsert \u201dSommardofter\u201d (S:a Maria kyrka, \u00c5hus)<br \/>\n120610 A cappella-konsert \u201dSommardofter\u201d<br \/>\n120506 Konsert Messiaen &#8221;Trois petites Liturgies de la pr\u00e9sence divine&#8221;<br \/>\n120408 P\u00e5skdagsh\u00f6gm\u00e4ssa<br \/>\n120401 Konsert: uruppf\u00f6rande av Rolf Martinssons Lukaspassion<br \/>\n120311 K\u00f6rkonsert p\u00e5 europeiska minnesdagen f\u00f6r terrorismens offer, g\u00e4stdirigent Ulrika Emanuelsson<br \/>\n120212 Konsert Haydn &#8221;Die Jahreszeiten&#8221;<br \/>\n120106 Julkonsert p\u00e5 trettondedag jul<br \/>\n111220 Konsert \u201cDen sjungande trappuppg\u00e5ngen\u201d med Lind\u00e4ngenk\u00f6ren (Malm\u00f6 konserthus)<br \/>\n111211 Konsert &#8221;Johann Sebastian Bach i adventstid&#8221;<br \/>\n111210 Konsert &#8221;Johann Sebastian Bach i adventstid&#8221; (Lomma kyrka)<br \/>\n111127 Adventsh\u00f6gm\u00e4ssa<br \/>\n111120 Konsert Mozart &#8221;Requiem&#8221;<br \/>\n111106 Konsert Durufl\u00e9 &#8221;Requiem&#8221;<br \/>\n111105 Allhelgonagudstj\u00e4nst (Gamla kyrkog\u00e5rden)<br \/>\n110925 Konsert \u201cSONGS OF PRAISE!\u201d<br \/>\n110824 Konsert i Malm\u00f6festivalen: &#8221;Verkligheten kr\u00e4ver; Li Br\u00e5dhe m\u00f6ter Petri S\u00e5ngare&#8221;<br \/>\n110814 \u00c5terinvigningskonsert Galuppi &#8221;Nisi Dominus&#8221; &amp; H\u00e4ndel &#8221;Dixit Dominus&#8221;<br \/>\n110814 \u00c5terinvigningsh\u00f6gm\u00e4ssa<br \/>\n110630 Turn\u00e9 i Tyskland: konsert i Berlin<br \/>\n110629 Turn\u00e9 i Tyskland: konsert i Paserwalk<br \/>\n110628 Turn\u00e9 i Tyskland: konsert i Trent<br \/>\n110627 Turn\u00e9 i Tyskland: konsert i Putbus<br \/>\n110626 Turn\u00e9 i Tyskland: konsert i Wolgast<br \/>\n110619 Uruppf\u00f6randekonsert Olof Lindgren \u201dLivsgl\u00e4dje\u201d (R\u00e5dhuset, Malm\u00f6)<br \/>\n110616 Uruppf\u00f6randekonsert Olof Lindgren \u201dLivsgl\u00e4dje\u201d (Eskilstorps kyrka, Vellinge)<br \/>\n110424 P\u00e5skdagsh\u00f6gm\u00e4ssa<br \/>\n110422 L\u00e5ngfredagsgudstj\u00e4nst med gregoriansk Johannespassion<br \/>\n110417 Konsert H\u00e4ndel &#8221;Messias&#8221; del II-III<br \/>\n110410 Konsert \u201dAtt se v\u00e4rlden i ett sandkorn\u201d (Kirke Saaby kirke)<br \/>\n110326 Konsert \u201dAtt se v\u00e4rlden i ett sandkorn\u201d (\u00c4lmhults kyrka)<br \/>\n110319 Konsert \u201dAtt se v\u00e4rlden i ett sandkorn\u201d (Osby kyrka)<br \/>\n110319 Lunchkonsert i Heliga Trefaldighet, Kristianstad<br \/>\n110220 Konsert \u201dAtt se v\u00e4rlden i ett sandkorn\u201d (Caroli kyrka, Malm\u00f6)<br \/>\n110213 Konsert \u201dAtt se v\u00e4rlden i ett sandkorn\u201d (Sn\u00f6storps kyrka, Halmstad)<br \/>\n110213 Musikh\u00f6gm\u00e4ssa i B\u00e5stads kyrka<br \/>\n101211 Bach &#8221;Juloratoriet&#8221; i samband med invigningen av Citytunneln (Malm\u00f6 Centralstation)<br \/>\n101128 Adventsh\u00f6gm\u00e4ssa<br \/>\n101106 kl. 15. Vi sjunger Parry: Songs of Farewell p\u00e5 Gamla kyrkog\u00e5rden P\u00c5 Gustav.<br \/>\n101016 Konsert Lund International Choral Festival kl. 14<br \/>\n101010 Konsert Bernstein, Stravinskij, Boulanger (R\u00e5dhuset, Malm\u00f6)<br \/>\n100925 Kortare konserter under Kulturnatten (Lunds Centralstation)<br \/>\n100912 A cappella-konsert med musik av Hindemith, Debussy, Einarsson, (R\u00e5dhuset, Malm\u00f6)<br \/>\n100911 A cappella-konsert (Lunds domkyrka)<br \/>\n100818 Avsakralisering av Caroli kyrka<br \/>\n100807 Konsert i kyrkomusikfestival \u201dI begynnelsen skapade Gud\u201d (Sofia Albertina kyrka, Landskrona)<br \/>\n100530 Konsert \u201dI begynnelsen skapade Gud\u201d<br \/>\n100509 Konsert Schumann &#8221;M\u00e4ssa c-moll&#8221; &amp; &#8221;Requiem f\u00fcr Mignon&#8221;<br \/>\n100228 A cappella-konsert med musik av Sch\u00fctz, Des Prez, Tavener, Allegri<\/p>\n","protected":false},"excerpt":{"rendered":"<p>190210 I denna midvinter, St Petri kyrka, Malm\u00f6 190106 O makal\u00f6sa Mysterium, St Petri kyrka, Malm\u00f6 181231 Ny\u00e5rsgala med MSO, Malm\u00f6 Live, Malm\u00f6 181220 Bachs juloratorium del 1-3, St Petri kyrka, Malm\u00f6 181202 H\u00f6gm\u00e4ssa och Jul p\u00e5 slottet, Malm\u00f6 181118 Ein deutsches Requiem, Brahms, St Johannes kyrka, Malm\u00f6 181102 Verdis Requiem med MSO, Malm\u00f6 Live, &hellip; <a href=\"https:\/\/www.petrisangare.se\/?page_id=268\" class=\"more-link\">Forts\u00e4tt l\u00e4sa <span class=\"screen-reader-text\">Tidigare konserter<\/span><\/a><\/p>\n","protected":false},"author":3,"featured_media":0,"parent":0,"menu_order":0,"comment_status":"closed","ping_status":"closed","template":"page-templates\/full-width-page.php","meta":{"footnotes":""},"class_list":["post-268","page","type-page","status-publish","hentry","without-featured-image"],"_links":{"self":[{"href":"https:\/\/www.petrisangare.se\/index.php?rest_route=\/wp\/v2\/pages\/268","targetHints":{"allow":["GET"]}}],"collection":[{"href":"https:\/\/www.petrisangare.se\/index.php?rest_route=\/wp\/v2\/pages"}],"about":[{"href":"https:\/\/www.petrisangare.se\/index.php?rest_route=\/wp\/v2\/types\/page"}],"author":[{"embeddable":true,"href":"https:\/\/www.petrisangare.se\/index.php?rest_route=\/wp\/v2\/users\/3"}],"replies":[{"embeddable":true,"href":"https:\/\/www.petrisangare.se\/index.php?rest_route=%2Fwp%2Fv2%2Fcomments&post=268"}],"version-history":[{"count":24,"href":"https:\/\/www.petrisangare.se\/index.php?rest_route=\/wp\/v2\/pages\/268\/revisions"}],"predecessor-version":[{"id":773,"href":"https:\/\/www.petrisangare.se\/index.php?rest_route=\/wp\/v2\/pages\/268\/revisions\/773"}],"wp:attachment":[{"href":"https:\/\/www.petrisangare.se\/index.php?rest_route=%2Fwp%2Fv2%2Fmedia&parent=268"}],"curies":[{"name":"wp","href":"https:\/\/api.w.org\/{rel}","templated":true}]}}