{"id":20,"date":"2016-01-28T09:56:40","date_gmt":"2016-01-28T09:56:40","guid":{"rendered":"https:\/\/www.petrisangare.se\/?page_id=20"},"modified":"2025-03-18T19:07:04","modified_gmt":"2025-03-18T18:07:04","slug":"sangare","status":"publish","type":"page","link":"https:\/\/www.petrisangare.se\/?page_id=20","title":{"rendered":"Aktiva s\u00e5ngare"},"content":{"rendered":"\n<figure class=\"wp-block-table\"><table class=\"has-fixed-layout\"><tbody><tr><td>\n<h4>Sopraner<\/h4>\n<p>Ann-Margreth Nyberg<br>Anna Jennbert<br>Anne Ud\u00e9n<br>Elin Einarsson<br>Elisabeth Eneroth<br>Isa Polfeldt<br>Louise Ljungl\u00f6f<br>Lydia Egerhag<br>Maria Casagrande<br>Sara Modig<br>Susanne Lindberg<br>Tora Elding Larsson<br>Tove Carlson<\/p>\n<h4>Tenorer<\/h4>\n<p>Anders Larsson<br>Darian Mather<br>Isac Johansson<br>Joel Axell<br>Karl Holdar<br>Kristofer Modig<br>Love Becker<br>M\u00e5rten Edgren<br>Otto Malmkvist<br>Torgny Centre<\/p>\n<\/td><td>\n<h4>Altar<\/h4>\n<p>Ann-Christin Sj\u00f6blom<br>Annika Diehl<br>Elsa Bergel<br>Julia Sassersson<br>Lena Olbers<br>Maria Bj\u00f6rkhem<br>Marie Klintman<br>Martina Haggren<br>Moa Forzelius<br>Ther\u00e9se G\u00f6tsten<br>Tilda Sventorp<br>Ylva Rosenlund<br>\u00c5sa Grunning<\/p>\n<h4>Basar<\/h4>\n<p>Anders Bjerk\u00e9n<br>Carl Johan Wallentin<br>Daniel Klintman<br>Georg Weiss<br>Karl-Fredrik Bj\u00f6rkhem<br>Ola Cegrell<br>Ola Lindqvist<br>Olle Almbratt<br>Olof Blom\u00e9<br>Peeter Randsalu (tjl)<\/p>\n<\/td><\/tr><\/tbody><\/table><\/figure>\n","protected":false},"excerpt":{"rendered":"<p>Sopraner Ann-Margreth NybergAnna JennbertAnne Ud\u00e9nElin EinarssonElisabeth EnerothIsa PolfeldtLouise Ljungl\u00f6fLydia EgerhagMaria CasagrandeSara ModigSusanne LindbergTora Elding LarssonTove Carlson Tenorer Anders LarssonDarian MatherIsac JohanssonJoel AxellKarl HoldarKristofer ModigLove BeckerM\u00e5rten EdgrenOtto MalmkvistTorgny Centre Altar Ann-Christin Sj\u00f6blomAnnika DiehlElsa BergelJulia SasserssonLena OlbersMaria Bj\u00f6rkhemMarie KlintmanMartina HaggrenMoa ForzeliusTher\u00e9se G\u00f6tstenTilda SventorpYlva Rosenlund\u00c5sa Grunning Basar Anders Bjerk\u00e9nCarl Johan WallentinDaniel KlintmanGeorg WeissKarl-Fredrik Bj\u00f6rkhemOla CegrellOla LindqvistOlle AlmbrattOlof Blom\u00e9Peeter &hellip; <a href=\"https:\/\/www.petrisangare.se\/?page_id=20\" class=\"more-link\">Forts\u00e4tt l\u00e4sa <span class=\"screen-reader-text\">Aktiva s\u00e5ngare<\/span><\/a><\/p>\n","protected":false},"author":3,"featured_media":1301,"parent":0,"menu_order":0,"comment_status":"closed","ping_status":"closed","template":"page-templates\/full-width-page.php","meta":{"footnotes":""},"class_list":["post-20","page","type-page","status-publish","has-post-thumbnail","hentry","with-featured-image"],"_links":{"self":[{"href":"https:\/\/www.petrisangare.se\/index.php?rest_route=\/wp\/v2\/pages\/20","targetHints":{"allow":["GET"]}}],"collection":[{"href":"https:\/\/www.petrisangare.se\/index.php?rest_route=\/wp\/v2\/pages"}],"about":[{"href":"https:\/\/www.petrisangare.se\/index.php?rest_route=\/wp\/v2\/types\/page"}],"author":[{"embeddable":true,"href":"https:\/\/www.petrisangare.se\/index.php?rest_route=\/wp\/v2\/users\/3"}],"replies":[{"embeddable":true,"href":"https:\/\/www.petrisangare.se\/index.php?rest_route=%2Fwp%2Fv2%2Fcomments&post=20"}],"version-history":[{"count":91,"href":"https:\/\/www.petrisangare.se\/index.php?rest_route=\/wp\/v2\/pages\/20\/revisions"}],"predecessor-version":[{"id":1327,"href":"https:\/\/www.petrisangare.se\/index.php?rest_route=\/wp\/v2\/pages\/20\/revisions\/1327"}],"wp:featuredmedia":[{"embeddable":true,"href":"https:\/\/www.petrisangare.se\/index.php?rest_route=\/wp\/v2\/media\/1301"}],"wp:attachment":[{"href":"https:\/\/www.petrisangare.se\/index.php?rest_route=%2Fwp%2Fv2%2Fmedia&parent=20"}],"curies":[{"name":"wp","href":"https:\/\/api.w.org\/{rel}","templated":true}]}}