{"id":192,"date":"2016-06-07T11:15:31","date_gmt":"2016-06-07T09:15:31","guid":{"rendered":"https:\/\/www.petrisangare.se\/?page_id=192"},"modified":"2019-12-17T08:38:29","modified_gmt":"2019-12-17T07:38:29","slug":"lyssna","status":"publish","type":"page","link":"https:\/\/www.petrisangare.se\/?page_id=192","title":{"rendered":"Lyssna"},"content":{"rendered":"<p>Julkort 2019<\/p>\n<p><iframe loading=\"lazy\" title=\"PETRI S\u00c5NGARE: En sn\u00f6flinga f\u00f6ll p\u00e5 Lilla torg\" width=\"620\" height=\"349\" src=\"https:\/\/www.youtube.com\/embed\/2Rx3FzDXL64?feature=oembed\" frameborder=\"0\" allow=\"accelerometer; autoplay; clipboard-write; encrypted-media; gyroscope; picture-in-picture; web-share\" referrerpolicy=\"strict-origin-when-cross-origin\" allowfullscreen><\/iframe><\/p>\n<p>Julkort 2018<\/p>\n<p><iframe loading=\"lazy\" title=\"PETRI S\u00c5NGARE: Nu t\u00e4ndas en stund p\u00e5 jorden\" width=\"620\" height=\"349\" src=\"https:\/\/www.youtube.com\/embed\/qRRPdBGGPn8?feature=oembed\" frameborder=\"0\" allow=\"accelerometer; autoplay; clipboard-write; encrypted-media; gyroscope; picture-in-picture; web-share\" referrerpolicy=\"strict-origin-when-cross-origin\" allowfullscreen><\/iframe><\/p>\n<p>Liveinspelning Bach juloratorium<\/p>\n<p><iframe title=\"Spotify Embed: Bach: Christmas Oratorio - Excerpts (Live)\" style=\"border-radius: 12px\" width=\"100%\" height=\"352\" frameborder=\"0\" allowfullscreen allow=\"autoplay; clipboard-write; encrypted-media; fullscreen; picture-in-picture\" loading=\"lazy\" src=\"https:\/\/open.spotify.com\/embed\/album\/4RfFSsBRu5vIAS3eL6cDlh?utm_source=oembed\"><\/iframe><\/p>\n<p>V\u00e5r nya cd-singel Min tunga jublar sl\u00e4ppt Augusti 2016<\/p>\n<p><iframe loading=\"lazy\" title=\"PETRI S\u00c5NGARE: Min tunga jublar\" width=\"620\" height=\"349\" src=\"https:\/\/www.youtube.com\/embed\/XdBvDcGMvXM?feature=oembed\" frameborder=\"0\" allow=\"accelerometer; autoplay; clipboard-write; encrypted-media; gyroscope; picture-in-picture; web-share\" referrerpolicy=\"strict-origin-when-cross-origin\" allowfullscreen><\/iframe><\/p>\n<p>&nbsp;<\/p>\n","protected":false},"excerpt":{"rendered":"<p>Julkort 2019 Julkort 2018 Liveinspelning Bach juloratorium V\u00e5r nya cd-singel Min tunga jublar sl\u00e4ppt Augusti 2016 &nbsp;<\/p>\n","protected":false},"author":3,"featured_media":0,"parent":0,"menu_order":0,"comment_status":"closed","ping_status":"closed","template":"","meta":{"footnotes":""},"class_list":["post-192","page","type-page","status-publish","hentry","without-featured-image"],"_links":{"self":[{"href":"https:\/\/www.petrisangare.se\/index.php?rest_route=\/wp\/v2\/pages\/192","targetHints":{"allow":["GET"]}}],"collection":[{"href":"https:\/\/www.petrisangare.se\/index.php?rest_route=\/wp\/v2\/pages"}],"about":[{"href":"https:\/\/www.petrisangare.se\/index.php?rest_route=\/wp\/v2\/types\/page"}],"author":[{"embeddable":true,"href":"https:\/\/www.petrisangare.se\/index.php?rest_route=\/wp\/v2\/users\/3"}],"replies":[{"embeddable":true,"href":"https:\/\/www.petrisangare.se\/index.php?rest_route=%2Fwp%2Fv2%2Fcomments&post=192"}],"version-history":[{"count":10,"href":"https:\/\/www.petrisangare.se\/index.php?rest_route=\/wp\/v2\/pages\/192\/revisions"}],"predecessor-version":[{"id":859,"href":"https:\/\/www.petrisangare.se\/index.php?rest_route=\/wp\/v2\/pages\/192\/revisions\/859"}],"wp:attachment":[{"href":"https:\/\/www.petrisangare.se\/index.php?rest_route=%2Fwp%2Fv2%2Fmedia&parent=192"}],"curies":[{"name":"wp","href":"https:\/\/api.w.org\/{rel}","templated":true}]}}