{"id":190,"date":"2016-06-07T11:15:02","date_gmt":"2016-06-07T09:15:02","guid":{"rendered":"https:\/\/www.petrisangare.se\/?page_id=190"},"modified":"2024-09-02T08:38:25","modified_gmt":"2024-09-02T06:38:25","slug":"kontakt-2","status":"publish","type":"page","link":"https:\/\/www.petrisangare.se\/?page_id=190","title":{"rendered":"Kontakt"},"content":{"rendered":"<p>Petri S\u00e5ngare \u00e4r \u00f6ppna f\u00f6r f\u00f6rfr\u00e5gningar om konserter och kan \u00e4ven erbjuda andra former av musikaliska tj\u00e4nster, exempelvis vid evenemang eller skivinspelningar.<\/p>\n<p>Vill du komma i kontakt med Petri S\u00e5ngare \u00e4r du v\u00e4lkommen att maila till ordf\u00f6rande <a href=\"mailto:ordforande@petrisangare.se\">Anders Bjerk\u00e9n.<\/a><\/p>\n<p>K\u00f6rens organisationsnummer:\u00a0 802454-4853<\/p>\n<p>K\u00f6rens bankgironummer:\u00a0 667-7876<\/p>\n<p>Vid ekonomiska sp\u00f6rsm\u00e5l kontakta kass\u00f6r <a href=\"mailto:kassor@petrisangare.se\">Ann-Christin Sj\u00f6blom<\/a>.<\/p>\n","protected":false},"excerpt":{"rendered":"<p>Petri S\u00e5ngare \u00e4r \u00f6ppna f\u00f6r f\u00f6rfr\u00e5gningar om konserter och kan \u00e4ven erbjuda andra former av musikaliska tj\u00e4nster, exempelvis vid evenemang eller skivinspelningar. Vill du komma i kontakt med Petri S\u00e5ngare \u00e4r du v\u00e4lkommen att maila till ordf\u00f6rande Anders Bjerk\u00e9n. K\u00f6rens organisationsnummer:\u00a0 802454-4853 K\u00f6rens bankgironummer:\u00a0 667-7876 Vid ekonomiska sp\u00f6rsm\u00e5l kontakta kass\u00f6r Ann-Christin Sj\u00f6blom.<\/p>\n","protected":false},"author":3,"featured_media":0,"parent":0,"menu_order":0,"comment_status":"closed","ping_status":"closed","template":"","meta":{"footnotes":""},"class_list":["post-190","page","type-page","status-publish","hentry","without-featured-image"],"_links":{"self":[{"href":"https:\/\/www.petrisangare.se\/index.php?rest_route=\/wp\/v2\/pages\/190","targetHints":{"allow":["GET"]}}],"collection":[{"href":"https:\/\/www.petrisangare.se\/index.php?rest_route=\/wp\/v2\/pages"}],"about":[{"href":"https:\/\/www.petrisangare.se\/index.php?rest_route=\/wp\/v2\/types\/page"}],"author":[{"embeddable":true,"href":"https:\/\/www.petrisangare.se\/index.php?rest_route=\/wp\/v2\/users\/3"}],"replies":[{"embeddable":true,"href":"https:\/\/www.petrisangare.se\/index.php?rest_route=%2Fwp%2Fv2%2Fcomments&post=190"}],"version-history":[{"count":13,"href":"https:\/\/www.petrisangare.se\/index.php?rest_route=\/wp\/v2\/pages\/190\/revisions"}],"predecessor-version":[{"id":1254,"href":"https:\/\/www.petrisangare.se\/index.php?rest_route=\/wp\/v2\/pages\/190\/revisions\/1254"}],"wp:attachment":[{"href":"https:\/\/www.petrisangare.se\/index.php?rest_route=%2Fwp%2Fv2%2Fmedia&parent=190"}],"curies":[{"name":"wp","href":"https:\/\/api.w.org\/{rel}","templated":true}]}}