{"id":1279,"date":"2025-01-26T09:34:27","date_gmt":"2025-01-26T08:34:27","guid":{"rendered":"https:\/\/www.petrisangare.se\/?page_id=1279"},"modified":"2025-01-26T09:35:13","modified_gmt":"2025-01-26T08:35:13","slug":"internt","status":"publish","type":"page","link":"https:\/\/www.petrisangare.se\/?page_id=1279","title":{"rendered":"Internt"},"content":{"rendered":"\n<p>Denna sida inneh\u00e5ller intern information f\u00f6r k\u00f6rens medlemmar.<\/p>\n\n\n\n<h2 class=\"wp-block-heading\">Avregistrering fr\u00e5n PS-appen<\/h2>\n\n\n\n<p>S\u00e5ngare som \u00f6nskar bli permanent avregistrerade fr\u00e5n PS-appen och d\u00e4rmed radera alla anv\u00e4ndardata kan kontakta n\u00e5gon av de app-ansvariga. Detta ska g\u00f6ras efter det att appen avinstallerats fr\u00e5n alla enheter som s\u00e5ngaren anv\u00e4nder.<\/p>\n","protected":false},"excerpt":{"rendered":"<p>Denna sida inneh\u00e5ller intern information f\u00f6r k\u00f6rens medlemmar. Avregistrering fr\u00e5n PS-appen S\u00e5ngare som \u00f6nskar bli permanent avregistrerade fr\u00e5n PS-appen och d\u00e4rmed radera alla anv\u00e4ndardata kan kontakta n\u00e5gon av de app-ansvariga. Detta ska g\u00f6ras efter det att appen avinstallerats fr\u00e5n alla enheter som s\u00e5ngaren anv\u00e4nder.<\/p>\n","protected":false},"author":1,"featured_media":0,"parent":0,"menu_order":0,"comment_status":"closed","ping_status":"closed","template":"","meta":{"footnotes":""},"class_list":["post-1279","page","type-page","status-publish","hentry","without-featured-image"],"_links":{"self":[{"href":"https:\/\/www.petrisangare.se\/index.php?rest_route=\/wp\/v2\/pages\/1279","targetHints":{"allow":["GET"]}}],"collection":[{"href":"https:\/\/www.petrisangare.se\/index.php?rest_route=\/wp\/v2\/pages"}],"about":[{"href":"https:\/\/www.petrisangare.se\/index.php?rest_route=\/wp\/v2\/types\/page"}],"author":[{"embeddable":true,"href":"https:\/\/www.petrisangare.se\/index.php?rest_route=\/wp\/v2\/users\/1"}],"replies":[{"embeddable":true,"href":"https:\/\/www.petrisangare.se\/index.php?rest_route=%2Fwp%2Fv2%2Fcomments&post=1279"}],"version-history":[{"count":2,"href":"https:\/\/www.petrisangare.se\/index.php?rest_route=\/wp\/v2\/pages\/1279\/revisions"}],"predecessor-version":[{"id":1281,"href":"https:\/\/www.petrisangare.se\/index.php?rest_route=\/wp\/v2\/pages\/1279\/revisions\/1281"}],"wp:attachment":[{"href":"https:\/\/www.petrisangare.se\/index.php?rest_route=%2Fwp%2Fv2%2Fmedia&parent=1279"}],"curies":[{"name":"wp","href":"https:\/\/api.w.org\/{rel}","templated":true}]}}